{"id":3216,"date":"2018-06-27T15:46:19","date_gmt":"2018-06-27T15:46:19","guid":{"rendered":"https:\/\/www.villacrespi.it\/premium-suites\/"},"modified":"2023-08-11T18:15:35","modified_gmt":"2023-08-11T16:15:35","slug":"premium-suites","status":"publish","type":"page","link":"https:\/\/villacrespi.blastness.info\/fr\/camere-suites\/premium-suites\/","title":{"rendered":"Premium Suites"},"content":{"rendered":"<p>[vc_row row_height_percent=\u00a0\u00bb0&Prime; override_padding=\u00a0\u00bbyes\u00a0\u00bb h_padding=\u00a0\u00bb0&Prime; top_padding=\u00a0\u00bb0&Prime; bottom_padding=\u00a0\u00bb0&Prime; overlay_alpha=\u00a0\u00bb50&Prime; gutter_size=\u00a0\u00bb3&Prime; column_width_percent=\u00a0\u00bb100&Prime; shift_y=\u00a0\u00bb0&Prime; z_index=\u00a0\u00bb0&Prime; css=\u00a0\u00bb.vc_custom_1529942682660{margin-top: 20px !important;}\u00a0\u00bb row_name=\u00a0\u00bbcamere\u00a0\u00bb][vc_column column_width_percent=\u00a0\u00bb100&Prime; gutter_size=\u00a0\u00bb3&Prime; back_color=\u00a0\u00bbcolor-dfgh\u00a0\u00bb overlay_alpha=\u00a0\u00bb50&Prime; shift_x=\u00a0\u00bb0&Prime; shift_y=\u00a0\u00bb0&Prime; shift_y_down=\u00a0\u00bb0&Prime; z_index=\u00a0\u00bb0&Prime; medium_width=\u00a0\u00bb0&Prime; mobile_width=\u00a0\u00bb0&Prime; width=\u00a0\u00bb1\/1&Prime;][vc_row_inner row_inner_height_percent=\u00a0\u00bb0&Prime; overlay_alpha=\u00a0\u00bb50&Prime; equal_height=\u00a0\u00bbyes\u00a0\u00bb gutter_size=\u00a0\u00bb3&Prime; shift_y=\u00a0\u00bb0&Prime; z_index=\u00a0\u00bb0&Prime;][vc_column_inner width=\u00a0\u00bb1\/3&Prime;][vc_column_text]<span style=\"font-size: 14pt;\">Dans la suite <strong>Amira<\/strong>, au premier \u00e9tage de la Villa et la suite <strong>Nur<\/strong> au deuxi\u00e8me, toutes deux tapiss\u00e9es de soie vieil or, vous trouverez un lit \u00e0 baldaquin \u00e0 deux places et un magnifique parquet pour une superficie de <strong>47m\u00b2<\/strong>.<\/span>[\/vc_column_text][\/vc_column_inner][vc_column_inner width=\u00a0\u00bb1\/3&Prime;][vc_column_text]<span style=\"font-size: 14pt;\">La salle de bain en marbre dispose d\u2019une grande douche pour des moments de pur relax.<br \/>\nOrient\u00e9es au Sud, les suites surtout l\u2019apr\u00e8s-midi sont tr\u00e8s lumineuses et gr\u00e2ce aux larges fen\u00eatres la vue sur le lac et sur le parc qui entoure la Villa est magnifique.<\/span><\/p>\n<p>[\/vc_column_text][\/vc_column_inner][vc_column_inner width=\u00a0\u00bb1\/3&Prime;][vc_column_text]<span style=\"font-size: 14pt;\">A l\u2019int\u00e9rieur des suites se trouve un petit salon pour la lecture et le relax.<br \/>\nPar leurs dimensions ces suites sont indiqu\u00e9es pour les familles car il y a la possibilit\u00e9 d\u2019ajouter des lits ou des berceaux.<br \/>\n<\/span>[\/vc_column_text][\/vc_column_inner][\/vc_row_inner][\/vc_column][\/vc_row][vc_row row_height_percent=\u00a0\u00bb0&Prime; override_padding=\u00a0\u00bbyes\u00a0\u00bb h_padding=\u00a0\u00bb0&Prime; top_padding=\u00a0\u00bb0&Prime; bottom_padding=\u00a0\u00bb0&Prime; overlay_alpha=\u00a0\u00bb50&Prime; gutter_size=\u00a0\u00bb3&Prime; column_width_percent=\u00a0\u00bb100&Prime; shift_y=\u00a0\u00bb0&Prime; z_index=\u00a0\u00bb0&Prime; css=\u00a0\u00bb.vc_custom_1530366241221{margin-top: 20px !important;}\u00a0\u00bb][vc_column column_width_percent=\u00a0\u00bb100&Prime; gutter_size=\u00a0\u00bb3&Prime; override_padding=\u00a0\u00bbyes\u00a0\u00bb column_padding=\u00a0\u00bb0&Prime; overlay_alpha=\u00a0\u00bb50&Prime; shift_x=\u00a0\u00bb0&Prime; shift_y=\u00a0\u00bb0&Prime; shift_y_down=\u00a0\u00bb0&Prime; z_index=\u00a0\u00bb0&Prime; medium_width=\u00a0\u00bb0&Prime; align_mobile=\u00a0\u00bbalign_center_mobile\u00a0\u00bb mobile_width=\u00a0\u00bb7&Prime; width=\u00a0\u00bb1\/1&Prime;][vc_button button_color=\u00a0\u00bbcolor-vyce\u00a0\u00bb size=\u00a0\u00bbbtn-xl\u00a0\u00bb wide=\u00a0\u00bbyes\u00a0\u00bb border_width=\u00a0\u00bb0&Prime; link=\u00a0\u00bburl:https%3A%2F%2Fwww.blastnessbooking.com%2Fpremium%2Findex.html%3Fid_stile%3D20332%26lingua_int%3Dfra%26id_albergo%3D5761%26dc%3D6646|target:_blank\u00a0\u00bb button_color_type=\u00a0\u00bbuncode-palette\u00a0\u00bb uncode_shortcode_id=\u00a0\u00bb195482&Prime;]R\u00c9SERVER VOTRE S\u00c9JOUR[\/vc_button][\/vc_column][\/vc_row][vc_row row_height_percent=\u00a0\u00bb0&Prime; override_padding=\u00a0\u00bbyes\u00a0\u00bb h_padding=\u00a0\u00bb0&Prime; top_padding=\u00a0\u00bb0&Prime; bottom_padding=\u00a0\u00bb0&Prime; overlay_alpha=\u00a0\u00bb50&Prime; equal_height=\u00a0\u00bbyes\u00a0\u00bb gutter_size=\u00a0\u00bb2&Prime; column_width_percent=\u00a0\u00bb100&Prime; shift_y=\u00a0\u00bb0&Prime; z_index=\u00a0\u00bb0&Prime; css=\u00a0\u00bb.vc_custom_1530363175567{margin-top: 20px !important;}\u00a0\u00bb][vc_column column_width_percent=\u00a0\u00bb100&Prime; position_vertical=\u00a0\u00bbmiddle\u00a0\u00bb align_horizontal=\u00a0\u00bbalign_center\u00a0\u00bb gutter_size=\u00a0\u00bb3&Prime; style=\u00a0\u00bblight\u00a0\u00bb back_color=\u00a0\u00bbcolor-dfgh\u00a0\u00bb overlay_alpha=\u00a0\u00bb50&Prime; shift_x=\u00a0\u00bb0&Prime; shift_y=\u00a0\u00bb0&Prime; shift_y_down=\u00a0\u00bb0&Prime; z_index=\u00a0\u00bb0&Prime; medium_width=\u00a0\u00bb3&Prime; mobile_width=\u00a0\u00bb0&Prime; css_animation=\u00a0\u00bbbottom-t-top\u00a0\u00bb width=\u00a0\u00bb1\/3&Prime;][vc_column_text]<\/p>\n<h3 style=\"text-align: center;\"><img decoding=\"async\" class=\"alignnone wp-image-69\" src=\"https:\/\/villacrespi.blastness.info\/wp-content\/uploads\/2018\/03\/VC_marchio_A-1-300x300.png\" alt=\"\" width=\"55\" height=\"55\" srcset=\"https:\/\/villacrespi.blastness.info\/wp-content\/uploads\/2018\/03\/VC_marchio_A-1-300x300.png 300w, https:\/\/villacrespi.blastness.info\/wp-content\/uploads\/2018\/03\/VC_marchio_A-1-150x150.png 150w, https:\/\/villacrespi.blastness.info\/wp-content\/uploads\/2018\/03\/VC_marchio_A-1.png 512w\" sizes=\"(max-width: 55px) 100vw, 55px\" \/><\/h3>\n<h2 style=\"text-align: center; margin-top: -5px;\"><span style=\"font-size: 24pt;\">AMIRA<\/span><\/h2>\n<p>[\/vc_column_text][\/vc_column][vc_column column_width_percent=\u00a0\u00bb100&Prime; gutter_size=\u00a0\u00bb3&Prime; style=\u00a0\u00bbdark\u00a0\u00bb overlay_alpha=\u00a0\u00bb50&Prime; shift_x=\u00a0\u00bb0&Prime; shift_y=\u00a0\u00bb0&Prime; shift_y_down=\u00a0\u00bb0&Prime; z_index=\u00a0\u00bb0&Prime; medium_width=\u00a0\u00bb5&Prime; mobile_width=\u00a0\u00bb0&Prime; css_animation=\u00a0\u00bbbottom-t-top\u00a0\u00bb animation_delay=\u00a0\u00bb500&Prime; width=\u00a0\u00bb2\/3&Prime;][vc_gallery el_id=\u00a0\u00bbgallery-137753&Prime; type=\u00a0\u00bbcarousel\u00a0\u00bb medias=\u00a0\u00bb363,360,361,362&Prime; carousel_lg=\u00a0\u00bb1&Prime; carousel_md=\u00a0\u00bb1&Prime; carousel_sm=\u00a0\u00bb1&Prime; thumb_size=\u00a0\u00bbsixteen-nine\u00a0\u00bb gutter_size=\u00a0\u00bb2&Prime; carousel_height=\u00a0\u00bbequal\u00a0\u00bb carousel_interval=\u00a0\u00bb0&Prime; carousel_navspeed=\u00a0\u00bb400&Prime; carousel_loop=\u00a0\u00bbyes\u00a0\u00bb carousel_nav=\u00a0\u00bbyes\u00a0\u00bb carousel_dots_inside=\u00a0\u00bbyes\u00a0\u00bb stage_padding=\u00a0\u00bb0&Prime; single_overlay_opacity=\u00a0\u00bb50&Prime; single_padding=\u00a0\u00bb2&Prime;][\/vc_column][\/vc_row][vc_row row_height_percent=\u00a0\u00bb0&Prime; override_padding=\u00a0\u00bbyes\u00a0\u00bb h_padding=\u00a0\u00bb0&Prime; top_padding=\u00a0\u00bb0&Prime; bottom_padding=\u00a0\u00bb0&Prime; overlay_alpha=\u00a0\u00bb50&Prime; equal_height=\u00a0\u00bbyes\u00a0\u00bb gutter_size=\u00a0\u00bb2&Prime; column_width_percent=\u00a0\u00bb100&Prime; shift_y=\u00a0\u00bb0&Prime; z_index=\u00a0\u00bb0&Prime; mobile_visibility=\u00a0\u00bbyes\u00a0\u00bb css=\u00a0\u00bb.vc_custom_1532767850806{margin-top: 20px !important;margin-bottom: 20px !important;}\u00a0\u00bb][vc_column column_width_percent=\u00a0\u00bb100&Prime; gutter_size=\u00a0\u00bb3&Prime; style=\u00a0\u00bbdark\u00a0\u00bb overlay_alpha=\u00a0\u00bb50&Prime; shift_x=\u00a0\u00bb0&Prime; shift_y=\u00a0\u00bb0&Prime; shift_y_down=\u00a0\u00bb0&Prime; z_index=\u00a0\u00bb0&Prime; medium_width=\u00a0\u00bb5&Prime; mobile_width=\u00a0\u00bb0&Prime; css_animation=\u00a0\u00bbbottom-t-top\u00a0\u00bb animation_delay=\u00a0\u00bb500&Prime; width=\u00a0\u00bb2\/3&Prime;][vc_gallery el_id=\u00a0\u00bbgallery-137754&Prime; type=\u00a0\u00bbcarousel\u00a0\u00bb medias=\u00a0\u00bb364,365,366,367,368&Prime; carousel_lg=\u00a0\u00bb1&Prime; carousel_md=\u00a0\u00bb1&Prime; carousel_sm=\u00a0\u00bb1&Prime; thumb_size=\u00a0\u00bbsixteen-nine\u00a0\u00bb gutter_size=\u00a0\u00bb3&Prime; carousel_interval=\u00a0\u00bb0&Prime; carousel_navspeed=\u00a0\u00bb400&Prime; carousel_loop=\u00a0\u00bbyes\u00a0\u00bb carousel_nav=\u00a0\u00bbyes\u00a0\u00bb stage_padding=\u00a0\u00bb0&Prime; single_overlay_opacity=\u00a0\u00bb50&Prime; single_padding=\u00a0\u00bb2&Prime;][\/vc_column][vc_column column_width_percent=\u00a0\u00bb100&Prime; position_vertical=\u00a0\u00bbmiddle\u00a0\u00bb align_horizontal=\u00a0\u00bbalign_center\u00a0\u00bb gutter_size=\u00a0\u00bb3&Prime; style=\u00a0\u00bblight\u00a0\u00bb back_color=\u00a0\u00bbcolor-dfgh\u00a0\u00bb overlay_alpha=\u00a0\u00bb50&Prime; shift_x=\u00a0\u00bb0&Prime; shift_y=\u00a0\u00bb0&Prime; shift_y_down=\u00a0\u00bb0&Prime; z_index=\u00a0\u00bb0&Prime; medium_width=\u00a0\u00bb3&Prime; mobile_width=\u00a0\u00bb0&Prime; css_animation=\u00a0\u00bbbottom-t-top\u00a0\u00bb width=\u00a0\u00bb1\/3&Prime;][vc_column_text]<\/p>\n<h3 style=\"text-align: center;\"><img decoding=\"async\" class=\"alignnone wp-image-69\" src=\"https:\/\/villacrespi.blastness.info\/wp-content\/uploads\/2018\/03\/VC_marchio_A-1-300x300.png\" alt=\"\" width=\"55\" height=\"55\" srcset=\"https:\/\/villacrespi.blastness.info\/wp-content\/uploads\/2018\/03\/VC_marchio_A-1-300x300.png 300w, https:\/\/villacrespi.blastness.info\/wp-content\/uploads\/2018\/03\/VC_marchio_A-1-150x150.png 150w, https:\/\/villacrespi.blastness.info\/wp-content\/uploads\/2018\/03\/VC_marchio_A-1.png 512w\" sizes=\"(max-width: 55px) 100vw, 55px\" \/><\/h3>\n<h2 style=\"text-align: center; margin-top: -5px;\"><span style=\"font-size: 24pt;\">NUR<\/span><\/h2>\n<p>[\/vc_column_text][\/vc_column][\/vc_row][vc_row row_height_percent=\u00a0\u00bb0&Prime; override_padding=\u00a0\u00bbyes\u00a0\u00bb h_padding=\u00a0\u00bb0&Prime; top_padding=\u00a0\u00bb0&Prime; bottom_padding=\u00a0\u00bb0&Prime; overlay_alpha=\u00a0\u00bb50&Prime; equal_height=\u00a0\u00bbyes\u00a0\u00bb gutter_size=\u00a0\u00bb2&Prime; column_width_percent=\u00a0\u00bb100&Prime; shift_y=\u00a0\u00bb0&Prime; z_index=\u00a0\u00bb0&Prime; desktop_visibility=\u00a0\u00bbyes\u00a0\u00bb medium_visibility=\u00a0\u00bbyes\u00a0\u00bb css=\u00a0\u00bb.vc_custom_1532767845435{margin-top: 20px !important;margin-bottom: 20px !important;}\u00a0\u00bb][vc_column column_width_percent=\u00a0\u00bb100&Prime; position_vertical=\u00a0\u00bbmiddle\u00a0\u00bb align_horizontal=\u00a0\u00bbalign_center\u00a0\u00bb gutter_size=\u00a0\u00bb3&Prime; style=\u00a0\u00bblight\u00a0\u00bb back_color=\u00a0\u00bbcolor-dfgh\u00a0\u00bb overlay_alpha=\u00a0\u00bb50&Prime; shift_x=\u00a0\u00bb0&Prime; shift_y=\u00a0\u00bb0&Prime; shift_y_down=\u00a0\u00bb0&Prime; z_index=\u00a0\u00bb0&Prime; medium_width=\u00a0\u00bb3&Prime; mobile_width=\u00a0\u00bb0&Prime; css_animation=\u00a0\u00bbbottom-t-top\u00a0\u00bb width=\u00a0\u00bb1\/3&Prime;][vc_column_text]<\/p>\n<h3 style=\"text-align: center;\"><img decoding=\"async\" class=\"alignnone wp-image-69\" src=\"https:\/\/villacrespi.blastness.info\/wp-content\/uploads\/2018\/03\/VC_marchio_A-1-300x300.png\" alt=\"\" width=\"55\" height=\"55\" srcset=\"https:\/\/villacrespi.blastness.info\/wp-content\/uploads\/2018\/03\/VC_marchio_A-1-300x300.png 300w, https:\/\/villacrespi.blastness.info\/wp-content\/uploads\/2018\/03\/VC_marchio_A-1-150x150.png 150w, https:\/\/villacrespi.blastness.info\/wp-content\/uploads\/2018\/03\/VC_marchio_A-1.png 512w\" sizes=\"(max-width: 55px) 100vw, 55px\" \/><\/h3>\n<h2 style=\"text-align: center; margin-top: -5px;\"><span style=\"font-size: 24pt;\">NUR<\/span><\/h2>\n<p>[\/vc_column_text][\/vc_column][vc_column column_width_percent=\u00a0\u00bb100&Prime; gutter_size=\u00a0\u00bb3&Prime; style=\u00a0\u00bbdark\u00a0\u00bb overlay_alpha=\u00a0\u00bb50&Prime; shift_x=\u00a0\u00bb0&Prime; shift_y=\u00a0\u00bb0&Prime; shift_y_down=\u00a0\u00bb0&Prime; z_index=\u00a0\u00bb0&Prime; medium_width=\u00a0\u00bb5&Prime; mobile_width=\u00a0\u00bb0&Prime; css_animation=\u00a0\u00bbbottom-t-top\u00a0\u00bb animation_delay=\u00a0\u00bb500&Prime; width=\u00a0\u00bb2\/3&Prime;][vc_gallery el_id=\u00a0\u00bbgallery-1377544&Prime; type=\u00a0\u00bbcarousel\u00a0\u00bb medias=\u00a0\u00bb364,365,366,367,368&Prime; carousel_lg=\u00a0\u00bb1&Prime; carousel_md=\u00a0\u00bb1&Prime; carousel_sm=\u00a0\u00bb1&Prime; thumb_size=\u00a0\u00bbsixteen-nine\u00a0\u00bb gutter_size=\u00a0\u00bb3&Prime; carousel_interval=\u00a0\u00bb0&Prime; carousel_navspeed=\u00a0\u00bb400&Prime; carousel_loop=\u00a0\u00bbyes\u00a0\u00bb carousel_nav=\u00a0\u00bbyes\u00a0\u00bb stage_padding=\u00a0\u00bb0&Prime; single_overlay_opacity=\u00a0\u00bb50&Prime; single_padding=\u00a0\u00bb2&Prime;][\/vc_column][\/vc_row][vc_row][vc_column width=\u00a0\u00bb1\/1&Prime;][uncode_block id=\u00a0\u00bb409&Prime;][\/vc_column][\/vc_row]<\/p>\n","protected":false},"excerpt":{"rendered":"<p>[vc_row row_height_percent=\u00a0\u00bb0&Prime; override_padding=\u00a0\u00bbyes\u00a0\u00bb h_padding=\u00a0\u00bb0&Prime; top_padding=\u00a0\u00bb0&Prime; bottom_padding=\u00a0\u00bb0&Prime; overlay_alpha=\u00a0\u00bb50&Prime; gutter_size=\u00a0\u00bb3&Prime; column_width_percent=\u00a0\u00bb100&Prime; shift_y=\u00a0\u00bb0&Prime; z_index=\u00a0\u00bb0&Prime; css=\u00a0\u00bb.vc_custom_1529942682660{margin-top: 20px !important;}\u00a0\u00bb row_name=\u00a0\u00bbcamere\u00a0\u00bb][vc_column column_width_percent=\u00a0\u00bb100&Prime; gutter_size=\u00a0\u00bb3&Prime; back_color=\u00a0\u00bbcolor-dfgh\u00a0\u00bb overlay_alpha=\u00a0\u00bb50&Prime; shift_x=\u00a0\u00bb0&Prime; [&hellip;]<\/p>\n","protected":false},"author":1,"featured_media":0,"parent":3116,"menu_order":0,"comment_status":"closed","ping_status":"closed","template":"","meta":[],"yoast_head":"<!-- This site is optimized with the Yoast SEO plugin v20.2.1 - https:\/\/yoast.com\/wordpress\/plugins\/seo\/ -->\n<title>Premium Suites | Villa Crespi<\/title>\n<meta name=\"description\" content=\"Hotel 5 stelle sul lago d&#039;Orta, Villa Crespi, Relaix &amp; Chateaux - Hotel e Ristorante di Antonino Cannavacciuolo\" \/>\n<meta name=\"robots\" content=\"index, follow, max-snippet:-1, max-image-preview:large, max-video-preview:-1\" \/>\n<link rel=\"canonical\" href=\"https:\/\/villacrespi.blastness.info\/fr\/camere-suites\/premium-suites\/\" \/>\n<meta property=\"og:locale\" content=\"fr_FR\" \/>\n<meta property=\"og:type\" content=\"article\" \/>\n<meta property=\"og:title\" content=\"Premium Suites | Villa Crespi\" \/>\n<meta property=\"og:description\" content=\"Hotel 5 stelle sul lago d&#039;Orta, Villa Crespi, Relaix &amp; Chateaux - Hotel e Ristorante di Antonino Cannavacciuolo\" \/>\n<meta property=\"og:url\" content=\"https:\/\/villacrespi.blastness.info\/fr\/camere-suites\/premium-suites\/\" \/>\n<meta property=\"og:site_name\" content=\"Villa Crespi\" \/>\n<meta property=\"article:publisher\" content=\"https:\/\/www.facebook.com\/villacrespi\/\" \/>\n<meta property=\"article:modified_time\" content=\"2023-08-11T16:15:35+00:00\" \/>\n<meta property=\"og:image\" content=\"https:\/\/villacrespi.blastness.info\/wp-content\/uploads\/2018\/03\/VC_marchio_A-1-300x300.png\" \/>\n<meta name=\"twitter:card\" content=\"summary_large_image\" \/>\n<meta name=\"twitter:site\" content=\"@villacrespi\" \/>\n<meta name=\"twitter:label1\" content=\"Dur\u00e9e de lecture estim\u00e9e\" \/>\n\t<meta name=\"twitter:data1\" content=\"3 minutes\" \/>\n<script type=\"application\/ld+json\" class=\"yoast-schema-graph\">{\"@context\":\"https:\/\/schema.org\",\"@graph\":[{\"@type\":\"WebPage\",\"@id\":\"https:\/\/villacrespi.blastness.info\/fr\/camere-suites\/premium-suites\/\",\"url\":\"https:\/\/villacrespi.blastness.info\/fr\/camere-suites\/premium-suites\/\",\"name\":\"Premium Suites | Villa Crespi\",\"isPartOf\":{\"@id\":\"https:\/\/villacrespi.blastness.info\/fr\/#website\"},\"datePublished\":\"2018-06-27T15:46:19+00:00\",\"dateModified\":\"2023-08-11T16:15:35+00:00\",\"description\":\"Hotel 5 stelle sul lago d'Orta, Villa Crespi, Relaix & Chateaux - Hotel e Ristorante di Antonino Cannavacciuolo\",\"breadcrumb\":{\"@id\":\"https:\/\/villacrespi.blastness.info\/fr\/camere-suites\/premium-suites\/#breadcrumb\"},\"inLanguage\":\"fr-FR\",\"potentialAction\":[{\"@type\":\"ReadAction\",\"target\":[\"https:\/\/villacrespi.blastness.info\/fr\/camere-suites\/premium-suites\/\"]}]},{\"@type\":\"BreadcrumbList\",\"@id\":\"https:\/\/villacrespi.blastness.info\/fr\/camere-suites\/premium-suites\/#breadcrumb\",\"itemListElement\":[{\"@type\":\"ListItem\",\"position\":1,\"name\":\"Home\",\"item\":\"https:\/\/villacrespi.blastness.info\/fr\/\"},{\"@type\":\"ListItem\",\"position\":2,\"name\":\"Chambre et Suites\",\"item\":\"https:\/\/villacrespi.blastness.info\/fr\/camere-suites\/\"},{\"@type\":\"ListItem\",\"position\":3,\"name\":\"Premium Suites\"}]},{\"@type\":\"WebSite\",\"@id\":\"https:\/\/villacrespi.blastness.info\/fr\/#website\",\"url\":\"https:\/\/villacrespi.blastness.info\/fr\/\",\"name\":\"Villa Crespi\",\"description\":\"Relais et Chateaux\",\"publisher\":{\"@id\":\"https:\/\/villacrespi.blastness.info\/fr\/#organization\"},\"potentialAction\":[{\"@type\":\"SearchAction\",\"target\":{\"@type\":\"EntryPoint\",\"urlTemplate\":\"https:\/\/villacrespi.blastness.info\/fr\/?s={search_term_string}\"},\"query-input\":\"required name=search_term_string\"}],\"inLanguage\":\"fr-FR\"},{\"@type\":\"Organization\",\"@id\":\"https:\/\/villacrespi.blastness.info\/fr\/#organization\",\"name\":\"Villa Crespi\",\"url\":\"https:\/\/villacrespi.blastness.info\/fr\/\",\"logo\":{\"@type\":\"ImageObject\",\"inLanguage\":\"fr-FR\",\"@id\":\"https:\/\/villacrespi.blastness.info\/fr\/#\/schema\/logo\/image\/\",\"url\":\"https:\/\/villacrespi.blastness.info\/wp-content\/uploads\/2018\/03\/VC_logo_type1x-1.png\",\"contentUrl\":\"https:\/\/villacrespi.blastness.info\/wp-content\/uploads\/2018\/03\/VC_logo_type1x-1.png\",\"width\":275,\"height\":63,\"caption\":\"Villa Crespi\"},\"image\":{\"@id\":\"https:\/\/villacrespi.blastness.info\/fr\/#\/schema\/logo\/image\/\"},\"sameAs\":[\"https:\/\/www.facebook.com\/villacrespi\/\",\"https:\/\/twitter.com\/villacrespi\",\"https:\/\/www.instagram.com\/villacrespi\/\"]}]}<\/script>\n<!-- \/ Yoast SEO plugin. -->","yoast_head_json":{"title":"Premium Suites | Villa Crespi","description":"Hotel 5 stelle sul lago d'Orta, Villa Crespi, Relaix & Chateaux - Hotel e Ristorante di Antonino Cannavacciuolo","robots":{"index":"index","follow":"follow","max-snippet":"max-snippet:-1","max-image-preview":"max-image-preview:large","max-video-preview":"max-video-preview:-1"},"canonical":"https:\/\/villacrespi.blastness.info\/fr\/camere-suites\/premium-suites\/","og_locale":"fr_FR","og_type":"article","og_title":"Premium Suites | Villa Crespi","og_description":"Hotel 5 stelle sul lago d'Orta, Villa Crespi, Relaix & Chateaux - Hotel e Ristorante di Antonino Cannavacciuolo","og_url":"https:\/\/villacrespi.blastness.info\/fr\/camere-suites\/premium-suites\/","og_site_name":"Villa Crespi","article_publisher":"https:\/\/www.facebook.com\/villacrespi\/","article_modified_time":"2023-08-11T16:15:35+00:00","og_image":[{"url":"https:\/\/villacrespi.blastness.info\/wp-content\/uploads\/2018\/03\/VC_marchio_A-1-300x300.png"}],"twitter_card":"summary_large_image","twitter_site":"@villacrespi","twitter_misc":{"Dur\u00e9e de lecture estim\u00e9e":"3 minutes"},"schema":{"@context":"https:\/\/schema.org","@graph":[{"@type":"WebPage","@id":"https:\/\/villacrespi.blastness.info\/fr\/camere-suites\/premium-suites\/","url":"https:\/\/villacrespi.blastness.info\/fr\/camere-suites\/premium-suites\/","name":"Premium Suites | Villa Crespi","isPartOf":{"@id":"https:\/\/villacrespi.blastness.info\/fr\/#website"},"datePublished":"2018-06-27T15:46:19+00:00","dateModified":"2023-08-11T16:15:35+00:00","description":"Hotel 5 stelle sul lago d'Orta, Villa Crespi, Relaix & Chateaux - Hotel e Ristorante di Antonino Cannavacciuolo","breadcrumb":{"@id":"https:\/\/villacrespi.blastness.info\/fr\/camere-suites\/premium-suites\/#breadcrumb"},"inLanguage":"fr-FR","potentialAction":[{"@type":"ReadAction","target":["https:\/\/villacrespi.blastness.info\/fr\/camere-suites\/premium-suites\/"]}]},{"@type":"BreadcrumbList","@id":"https:\/\/villacrespi.blastness.info\/fr\/camere-suites\/premium-suites\/#breadcrumb","itemListElement":[{"@type":"ListItem","position":1,"name":"Home","item":"https:\/\/villacrespi.blastness.info\/fr\/"},{"@type":"ListItem","position":2,"name":"Chambre et Suites","item":"https:\/\/villacrespi.blastness.info\/fr\/camere-suites\/"},{"@type":"ListItem","position":3,"name":"Premium Suites"}]},{"@type":"WebSite","@id":"https:\/\/villacrespi.blastness.info\/fr\/#website","url":"https:\/\/villacrespi.blastness.info\/fr\/","name":"Villa Crespi","description":"Relais et Chateaux","publisher":{"@id":"https:\/\/villacrespi.blastness.info\/fr\/#organization"},"potentialAction":[{"@type":"SearchAction","target":{"@type":"EntryPoint","urlTemplate":"https:\/\/villacrespi.blastness.info\/fr\/?s={search_term_string}"},"query-input":"required name=search_term_string"}],"inLanguage":"fr-FR"},{"@type":"Organization","@id":"https:\/\/villacrespi.blastness.info\/fr\/#organization","name":"Villa Crespi","url":"https:\/\/villacrespi.blastness.info\/fr\/","logo":{"@type":"ImageObject","inLanguage":"fr-FR","@id":"https:\/\/villacrespi.blastness.info\/fr\/#\/schema\/logo\/image\/","url":"https:\/\/villacrespi.blastness.info\/wp-content\/uploads\/2018\/03\/VC_logo_type1x-1.png","contentUrl":"https:\/\/villacrespi.blastness.info\/wp-content\/uploads\/2018\/03\/VC_logo_type1x-1.png","width":275,"height":63,"caption":"Villa Crespi"},"image":{"@id":"https:\/\/villacrespi.blastness.info\/fr\/#\/schema\/logo\/image\/"},"sameAs":["https:\/\/www.facebook.com\/villacrespi\/","https:\/\/twitter.com\/villacrespi","https:\/\/www.instagram.com\/villacrespi\/"]}]}},"_links":{"self":[{"href":"https:\/\/villacrespi.blastness.info\/fr\/wp-json\/wp\/v2\/pages\/3216"}],"collection":[{"href":"https:\/\/villacrespi.blastness.info\/fr\/wp-json\/wp\/v2\/pages"}],"about":[{"href":"https:\/\/villacrespi.blastness.info\/fr\/wp-json\/wp\/v2\/types\/page"}],"author":[{"embeddable":true,"href":"https:\/\/villacrespi.blastness.info\/fr\/wp-json\/wp\/v2\/users\/1"}],"replies":[{"embeddable":true,"href":"https:\/\/villacrespi.blastness.info\/fr\/wp-json\/wp\/v2\/comments?post=3216"}],"version-history":[{"count":1,"href":"https:\/\/villacrespi.blastness.info\/fr\/wp-json\/wp\/v2\/pages\/3216\/revisions"}],"predecessor-version":[{"id":9344,"href":"https:\/\/villacrespi.blastness.info\/fr\/wp-json\/wp\/v2\/pages\/3216\/revisions\/9344"}],"up":[{"embeddable":true,"href":"https:\/\/villacrespi.blastness.info\/fr\/wp-json\/wp\/v2\/pages\/3116"}],"wp:attachment":[{"href":"https:\/\/villacrespi.blastness.info\/fr\/wp-json\/wp\/v2\/media?parent=3216"}],"curies":[{"name":"wp","href":"https:\/\/api.w.org\/{rel}","templated":true}]}}